{"id":7937,"date":"2022-01-14T13:44:19","date_gmt":"2022-01-14T13:44:19","guid":{"rendered":"https:\/\/fundacionincipe.com\/?page_id=7937"},"modified":"2025-05-29T14:24:13","modified_gmt":"2025-05-29T14:24:13","slug":"aviso-legal","status":"publish","type":"page","link":"https:\/\/fundacionincipe.com\/index.php\/aviso-legal\/","title":{"rendered":"Aviso Legal"},"content":{"rendered":"\n<h3 class=\"wp-block-heading\">Aviso Legal<\/h3>\n\n\n\n<p>Todos los derechos reservados<\/p>\n\n\n\n<p><strong>1.- <\/strong>Los derechos de propiedad intelectual de la p\u00e1gina web incipe.org, dise\u00f1o, estructura de navegaci\u00f3n, bases de datos y los distintos elementos contenidos en la misma son titularidad de I<strong>NSTITUTO DE CUESTIONES INTERNACIONALES Y POL\u00cdTICA EXTERIOR (en adelante, INCIPE)<\/strong> a quien corresponde el ejercicio exclusivo de los derechos de explotaci\u00f3n de los mismos en cualquier forma y, en especial, los derechos de reproducci\u00f3n, distribuci\u00f3n, comunicaci\u00f3n p\u00fablica y transformaci\u00f3n.<\/p>\n\n\n\n<p><strong>2.-<\/strong> Estas condiciones generales regulan el acceso y utilizaci\u00f3n de la p\u00e1gina web incipe.org que INCIPE pone gratuitamente a disposici\u00f3n de los usuarios de Internet. El acceso a la misma implica su aceptaci\u00f3n sin reservas. La utilizaci\u00f3n de determinados servicios ofrecidos en este sitio se regir\u00e1 adem\u00e1s por las condiciones particulares previstas en cada caso, las cuales se entender\u00e1n aceptadas por el mero uso de tales servicios.<\/p>\n\n\n\n<p><strong>3.- <\/strong>Se autoriza la visualizaci\u00f3n, impresi\u00f3n y descarga del contenido de la p\u00e1gina web s\u00f3lo y exclusivamente si concurren las siguientes condiciones: 1) Que sea compatible con los fines de la p\u00e1gina web fundacionincipe.com. 2) Que se realice con el exclusivo \u00e1nimo de obtener la informaci\u00f3n contenida para uso personal y privado. Se proh\u00edbe expresamente su utilizaci\u00f3n con fines comerciales o para su distribuci\u00f3n, comunicaci\u00f3n p\u00fablica, transformaci\u00f3n o descompilaci\u00f3n. 3) Que ninguno de los contenidos relacionados en esta p\u00e1gina web sean modificados de manera alguna. 4) Que ning\u00fan gr\u00e1fico, icono o imagen disponible en esta p\u00e1gina web sea utilizado, copiado o distribuido separadamente del texto o resto de im\u00e1genes que lo acompa\u00f1an.<\/p>\n\n\n\n<p><strong>4.- INCIPE<\/strong> se reserva la facultad de efectuar, en cualquier momento y sin necesidad de previo aviso, modificaciones y actualizaciones de la informaci\u00f3n contenida en su web, de la configuraci\u00f3n y presentaci\u00f3n de \u00e9ste y de las condiciones de acceso.<\/p>\n\n\n\n<p>5.- <strong>INCIPE<\/strong> no garantiza la inexistencia de interrupciones o errores en el acceso a la p\u00e1gina web, en su contenido, ni que \u00e9ste se encuentre actualizado, aunque desarrollar\u00e1 sus mejores esfuerzos para, en su caso, evitarlos, subsanarlos o actualizarlos.<\/p>\n\n\n\n<p>6.- Tanto el acceso a esta p\u00e1gina web como el uso que pueda hacerse de la informaci\u00f3n contenida en la misma, es de la exclusiva responsabilidad de quien lo realiza. INCIPE no responder\u00e1 de ninguna consecuencia, da\u00f1o o perjuicio que pudieran derivarse de dicho acceso o uso de la informaci\u00f3n. INCIPE no se hace responsable de los posibles errores de seguridad que se puedan producir ni de los posibles da\u00f1os que puedan causarse al sistema inform\u00e1tico del usuario, los ficheros o documentos almacenados en el mismo, como consecuencia de la presencia de virus en el ordenador del usuario utilizado para la conexi\u00f3n a los servicios y contenidos de la p\u00e1gina web, de un mal funcionamiento del navegador o del uso de versiones no actualizadas del mismo.<\/p>\n\n\n\n<p>7.- <strong>INCIPE<\/strong> no asume responsabilidad alguna derivada de la concesi\u00f3n o contenidos de los enlaces de terceros a los que se hace referencia en la p\u00e1gina web, ni garantiza la ausencia de virus u otros elementos en los mismos que puedan producir alteraciones en el sistema inform\u00e1tico, los documentos o los ficheros del usuario, excluyendo cualquier responsabilidad por los da\u00f1os de cualquier clase causados al usuario por este motivo.<\/p>\n\n\n\n<p>8.- INCIPE es titular de los derechos de propiedad industrial referidos a sus productos y servicios. Respecto a las citas de productos y servicios de terceros INCIPE reconoce a favor de sus titulares los correspondientes derechos de propiedad industrial e intelectual, no implicando su sola menci\u00f3n o aparici\u00f3n en la p\u00e1gina web la existencia de derechos o responsabilidad alguna de INCIPE sobre los mismos, como tampoco respaldo, patrocinio o recomendaci\u00f3n por parte de INCIPE.<\/p>\n\n\n\n<p>9.- La utilizaci\u00f3n no autorizada de la informaci\u00f3n contenida en esta p\u00e1gina web, su reventa as\u00ed como la lesi\u00f3n de los derechos de propiedad intelectual o industrial de INCIPE, dar\u00e1 lugar a las responsabilidades legalmente establecidas.<\/p>\n\n\n\n<p>10.- INCIPE y el usuario, con renuncia expresa a cualquier otro fuero, se someten al de los Juzgados y Tribunales del domicilio del usuario para cualquier controversia que pudiera derivarse del acceso a esta p\u00e1gina web. En el caso de que el usuario tenga su domicilio fuera de Espa\u00f1a, INCIPE y el usuario se someten, con renuncia expresa a cualquier otro fuero, a los juzgados y tribunales de Madrid.<\/p>\n","protected":false},"excerpt":{"rendered":"<p>Aviso Legal Todos los derechos reservados 1.- Los derechos de propiedad intelectual de la p\u00e1gina web incipe.org, dise\u00f1o, estructura de navegaci\u00f3n, bases de datos y los distintos elementos contenidos en [&hellip;]<\/p>\n","protected":false},"author":4,"featured_media":0,"parent":0,"menu_order":0,"comment_status":"closed","ping_status":"closed","template":"","meta":{"_acf_changed":false,"footnotes":""},"class_list":["post-7937","page","type-page","status-publish","hentry"],"acf":[],"_links":{"self":[{"href":"https:\/\/fundacionincipe.com\/index.php\/wp-json\/wp\/v2\/pages\/7937","targetHints":{"allow":["GET"]}}],"collection":[{"href":"https:\/\/fundacionincipe.com\/index.php\/wp-json\/wp\/v2\/pages"}],"about":[{"href":"https:\/\/fundacionincipe.com\/index.php\/wp-json\/wp\/v2\/types\/page"}],"author":[{"embeddable":true,"href":"https:\/\/fundacionincipe.com\/index.php\/wp-json\/wp\/v2\/users\/4"}],"replies":[{"embeddable":true,"href":"https:\/\/fundacionincipe.com\/index.php\/wp-json\/wp\/v2\/comments?post=7937"}],"version-history":[{"count":2,"href":"https:\/\/fundacionincipe.com\/index.php\/wp-json\/wp\/v2\/pages\/7937\/revisions"}],"predecessor-version":[{"id":22972,"href":"https:\/\/fundacionincipe.com\/index.php\/wp-json\/wp\/v2\/pages\/7937\/revisions\/22972"}],"wp:attachment":[{"href":"https:\/\/fundacionincipe.com\/index.php\/wp-json\/wp\/v2\/media?parent=7937"}],"curies":[{"name":"wp","href":"https:\/\/api.w.org\/{rel}","templated":true}]}}