{"id":7557,"date":"2021-12-16T19:44:54","date_gmt":"2021-12-16T19:44:54","guid":{"rendered":"https:\/\/fundacionincipe.com\/?page_id=7557"},"modified":"2023-01-28T16:23:13","modified_gmt":"2023-01-28T16:23:13","slug":"jose-maria-trevino-3","status":"publish","type":"page","link":"https:\/\/fundacionincipe.com\/index.php\/jose-maria-trevino-3\/","title":{"rendered":"Jos\u00e9 Mar\u00eda Trevi\u00f1o"},"content":{"rendered":"","protected":false},"excerpt":{"rendered":"","protected":false},"author":4,"featured_media":0,"parent":0,"menu_order":0,"comment_status":"closed","ping_status":"closed","template":"","meta":{"_acf_changed":false,"footnotes":""},"class_list":["post-7557","page","type-page","status-publish","hentry"],"acf":[],"_links":{"self":[{"href":"https:\/\/fundacionincipe.com\/index.php\/wp-json\/wp\/v2\/pages\/7557","targetHints":{"allow":["GET"]}}],"collection":[{"href":"https:\/\/fundacionincipe.com\/index.php\/wp-json\/wp\/v2\/pages"}],"about":[{"href":"https:\/\/fundacionincipe.com\/index.php\/wp-json\/wp\/v2\/types\/page"}],"author":[{"embeddable":true,"href":"https:\/\/fundacionincipe.com\/index.php\/wp-json\/wp\/v2\/users\/4"}],"replies":[{"embeddable":true,"href":"https:\/\/fundacionincipe.com\/index.php\/wp-json\/wp\/v2\/comments?post=7557"}],"version-history":[{"count":1,"href":"https:\/\/fundacionincipe.com\/index.php\/wp-json\/wp\/v2\/pages\/7557\/revisions"}],"predecessor-version":[{"id":11548,"href":"https:\/\/fundacionincipe.com\/index.php\/wp-json\/wp\/v2\/pages\/7557\/revisions\/11548"}],"wp:attachment":[{"href":"https:\/\/fundacionincipe.com\/index.php\/wp-json\/wp\/v2\/media?parent=7557"}],"curies":[{"name":"wp","href":"https:\/\/api.w.org\/{rel}","templated":true}]}}