{"id":7548,"date":"2021-12-16T18:36:18","date_gmt":"2021-12-16T18:36:18","guid":{"rendered":"https:\/\/fundacionincipe.com\/?page_id=7548"},"modified":"2021-12-16T18:36:18","modified_gmt":"2021-12-16T18:36:18","slug":"7548-2","status":"publish","type":"page","link":"https:\/\/fundacionincipe.com\/index.php\/7548-2\/","title":{"rendered":"Silvia Iranzo"},"content":{"rendered":"\n<div class=\"wp-block-media-text alignwide\"><figure class=\"wp-block-media-text__media\"><img decoding=\"async\" src=\"https:\/\/fundacionincipe.com\/wp-content\/uploads\/2021\/12\/Silvia_Iranzo-770x1024-1.jpg\" alt=\"\" class=\"wp-image-6890\"\/><\/figure><div class=\"wp-block-media-text__content\">\n<p class=\"has-drop-cap has-normal-font-size\"> Silvia Iranzo Guti\u00e9rrez es doctora en Econom\u00eda y Empresa, y T\u00e9cnico Comercial y Economista del Estado. Es consejera independiente de la compa\u00f1\u00eda cotizada INDRA SISTEMAS (Ibex 35) y presidenta de su Comisi\u00f3n de Sostenibilidad. Es consejera independiente del ICO (Instituto de Cr\u00e9dito Oficial) y es vocal del Pleno de la Corte Espa\u00f1ola de Arbitraje. Es profesora en el IEB (Instituto de Estudios Burs\u00e1tiles) y en CUNEF (Colegio Universitario de Estudios Financieros). Es miembro del jurado del Premio Princesa de Asturias de Ciencias Sociales, y posee la Gran Cruz de la Orden del M\u00e9rito Civil y la medalla de plata de la Cruz Roja espa\u00f1ola. Ha sido secretaria de estado de Comercio y presidenta del consejo de administraci\u00f3n del ICEX (Instituto Espa\u00f1ol de Comercio Exterior e Inversiones). Ha sido embajadora de Espa\u00f1a en el Reino de B\u00e9lgica. Ha sido miembro del Grupo Directivo del Banco de Espa\u00f1a. Ha sido consejera independiente de la sociedad cotizada TECNOCOM, y consejera del Instituto de Consejeros y Administradores (IC-A). Ha sido consejera de las sociedades CESCE (Compa\u00f1\u00eda Espa\u00f1ola de Seguro de Cr\u00e9dito a la Exportaci\u00f3n), Telefonica Internacional, y Banco Exterior de Espa\u00f1a UK, entre otras. <\/p>\n<\/div><\/div>\n","protected":false},"excerpt":{"rendered":"<p>Silvia Iranzo Guti\u00e9rrez es doctora en Econom\u00eda y Empresa, y T\u00e9cnico Comercial y Economista del Estado. Es consejera independiente de la compa\u00f1\u00eda cotizada INDRA SISTEMAS (Ibex 35) y presidenta de [&hellip;]<\/p>\n","protected":false},"author":4,"featured_media":0,"parent":0,"menu_order":0,"comment_status":"closed","ping_status":"closed","template":"","meta":{"_acf_changed":false,"footnotes":""},"class_list":["post-7548","page","type-page","status-publish","hentry"],"acf":[],"_links":{"self":[{"href":"https:\/\/fundacionincipe.com\/index.php\/wp-json\/wp\/v2\/pages\/7548","targetHints":{"allow":["GET"]}}],"collection":[{"href":"https:\/\/fundacionincipe.com\/index.php\/wp-json\/wp\/v2\/pages"}],"about":[{"href":"https:\/\/fundacionincipe.com\/index.php\/wp-json\/wp\/v2\/types\/page"}],"author":[{"embeddable":true,"href":"https:\/\/fundacionincipe.com\/index.php\/wp-json\/wp\/v2\/users\/4"}],"replies":[{"embeddable":true,"href":"https:\/\/fundacionincipe.com\/index.php\/wp-json\/wp\/v2\/comments?post=7548"}],"version-history":[{"count":1,"href":"https:\/\/fundacionincipe.com\/index.php\/wp-json\/wp\/v2\/pages\/7548\/revisions"}],"predecessor-version":[{"id":11519,"href":"https:\/\/fundacionincipe.com\/index.php\/wp-json\/wp\/v2\/pages\/7548\/revisions\/11519"}],"wp:attachment":[{"href":"https:\/\/fundacionincipe.com\/index.php\/wp-json\/wp\/v2\/media?parent=7548"}],"curies":[{"name":"wp","href":"https:\/\/api.w.org\/{rel}","templated":true}]}}