{"id":10942,"date":"2023-01-19T19:06:11","date_gmt":"2023-01-19T19:06:11","guid":{"rendered":"https:\/\/fundacionincipe.com\/?page_id=10942"},"modified":"2023-01-19T19:32:53","modified_gmt":"2023-01-19T19:32:53","slug":"elementor-10942","status":"publish","type":"page","link":"https:\/\/fundacionincipe.com\/index.php\/elementor-10942\/","title":{"rendered":"Juan Llad\u00f3"},"content":{"rendered":"\t\t<div data-elementor-type=\"wp-page\" data-elementor-id=\"10942\" class=\"elementor elementor-10942\" data-elementor-post-type=\"page\">\n\t\t\t\t\t\t<section class=\"elementor-section elementor-top-section elementor-element elementor-element-f3081de elementor-section-boxed elementor-section-height-default elementor-section-height-default\" data-id=\"f3081de\" data-element_type=\"section\">\n\t\t\t\t\t\t<div class=\"elementor-container elementor-column-gap-default\">\n\t\t\t\t\t<div class=\"elementor-column elementor-col-50 elementor-top-column elementor-element elementor-element-ebf689b\" data-id=\"ebf689b\" data-element_type=\"column\">\n\t\t\t<div class=\"elementor-widget-wrap elementor-element-populated\">\n\t\t\t\t\t\t<div class=\"elementor-element elementor-element-300b130 elementor-widget elementor-widget-image\" data-id=\"300b130\" data-element_type=\"widget\" data-widget_type=\"image.default\">\n\t\t\t\t<div class=\"elementor-widget-container\">\n\t\t\t\t\t\t\t\t\t\t\t\t\t<img fetchpriority=\"high\" decoding=\"async\" width=\"800\" height=\"780\" src=\"https:\/\/fundacionincipe.com\/wp-content\/uploads\/2022\/12\/1.jpg\" class=\"attachment-large size-large wp-image-221\" alt=\"\" srcset=\"https:\/\/fundacionincipe.com\/wp-content\/uploads\/2022\/12\/1.jpg 1004w, https:\/\/fundacionincipe.com\/wp-content\/uploads\/2022\/12\/1-300x293.jpg 300w, https:\/\/fundacionincipe.com\/wp-content\/uploads\/2022\/12\/1-768x749.jpg 768w\" sizes=\"(max-width: 800px) 100vw, 800px\" \/>\t\t\t\t\t\t\t\t\t\t\t\t\t<\/div>\n\t\t\t\t<\/div>\n\t\t\t\t\t<\/div>\n\t\t<\/div>\n\t\t\t\t<div class=\"elementor-column elementor-col-50 elementor-top-column elementor-element elementor-element-deaba5f\" data-id=\"deaba5f\" data-element_type=\"column\">\n\t\t\t<div class=\"elementor-widget-wrap elementor-element-populated\">\n\t\t\t\t\t\t<div class=\"elementor-element elementor-element-e2fe4c2 elementor-widget elementor-widget-text-editor\" data-id=\"e2fe4c2\" data-element_type=\"widget\" data-widget_type=\"text-editor.default\">\n\t\t\t\t<div class=\"elementor-widget-container\">\n\t\t\t\t\t\t\t<h5><strong style=\"font-style: var( --e-global-typography-text-font-style ); letter-spacing: var( --e-global-typography-text-letter-spacing ); text-transform: var( --e-global-typography-text-text-transform ); word-spacing: var( --e-global-typography-text-word-spacing ); background-color: var( --e-global-color-34cc8cf ); margin: 0px; padding: 0px; border: 0px; font-family: TCFranklinGothicStd-normal, sans-serif; font-size: 16px; font-weight: bold; vertical-align: baseline; color: #7a7a7a;\">Juan Llad\u00f3 Arbur\u00faa<\/strong><span style=\"font-style: var( --e-global-typography-text-font-style ); font-weight: var( --e-global-typography-text-font-weight ); letter-spacing: var( --e-global-typography-text-letter-spacing ); text-transform: var( --e-global-typography-text-text-transform ); word-spacing: var( --e-global-typography-text-word-spacing ); background-color: var( --e-global-color-34cc8cf ); color: #7a7a7a; font-family: TCFranklinGothicStd-normal, sans-serif; font-size: 16px;\">&nbsp;Economista Universidad de Georgetown-Washington DC. MBA. Master of Business Administration en la Universidad de Austin, Tejas. Tesorero y Director de Mercado de Capitales en CITIBANK de 1988 a 1997. Vicepresidente I de T\u00e9cnicas Reunidas, S.A. desde el a\u00f1o 1998. Tesorero de Argentaria (1997-1998). Presidente de la Fundaci\u00f3n Espa\u00f1a-China desde 2004. Presidente de la Fundaci\u00f3n Consejo Espa\u00f1a \u2013 EE.UU desde 2018. CONSEJOS A LOS QUE PERTENECE Empresarios Agrupados Internacional, S.A. (Presidente). Eurocontrol, S.A. (Consejero). Master Sociedad An\u00f3nima de Ingenier\u00eda y Arquitectura, S.A. (Consejero). Initec Plantas Industriales, S.A. (Consejero). Initec Infraestructuras, S.A. (Consejero). Espa\u00f1ola de Investigaci\u00f3n y Desarrollo, S.A. (Consejero). Araltec, S.L. (Vice-Presidente). Aragonesas Promoci\u00f3n de Obras y Construcciones, S.L. (Vice-Presidente). Vicepresidente de INCIPE desde noviembre de 2019.<\/span><\/h5>\t\t\t\t\t\t<\/div>\n\t\t\t\t<\/div>\n\t\t\t\t\t<\/div>\n\t\t<\/div>\n\t\t\t\t\t<\/div>\n\t\t<\/section>\n\t\t\t\t<\/div>\n\t\t","protected":false},"excerpt":{"rendered":"<p>Juan Llad\u00f3 Arbur\u00faa&nbsp;Economista Universidad de Georgetown-Washington DC. MBA. Master of Business Administration en la Universidad de Austin, Tejas. Tesorero y Director de Mercado de Capitales en CITIBANK de 1988 a [&hellip;]<\/p>\n","protected":false},"author":1,"featured_media":0,"parent":0,"menu_order":0,"comment_status":"closed","ping_status":"closed","template":"","meta":{"_acf_changed":false,"footnotes":""},"class_list":["post-10942","page","type-page","status-publish","hentry"],"acf":[],"_links":{"self":[{"href":"https:\/\/fundacionincipe.com\/index.php\/wp-json\/wp\/v2\/pages\/10942","targetHints":{"allow":["GET"]}}],"collection":[{"href":"https:\/\/fundacionincipe.com\/index.php\/wp-json\/wp\/v2\/pages"}],"about":[{"href":"https:\/\/fundacionincipe.com\/index.php\/wp-json\/wp\/v2\/types\/page"}],"author":[{"embeddable":true,"href":"https:\/\/fundacionincipe.com\/index.php\/wp-json\/wp\/v2\/users\/1"}],"replies":[{"embeddable":true,"href":"https:\/\/fundacionincipe.com\/index.php\/wp-json\/wp\/v2\/comments?post=10942"}],"version-history":[{"count":17,"href":"https:\/\/fundacionincipe.com\/index.php\/wp-json\/wp\/v2\/pages\/10942\/revisions"}],"predecessor-version":[{"id":10962,"href":"https:\/\/fundacionincipe.com\/index.php\/wp-json\/wp\/v2\/pages\/10942\/revisions\/10962"}],"wp:attachment":[{"href":"https:\/\/fundacionincipe.com\/index.php\/wp-json\/wp\/v2\/media?parent=10942"}],"curies":[{"name":"wp","href":"https:\/\/api.w.org\/{rel}","templated":true}]}}